{"id":53,"date":"2019-07-23T12:23:49","date_gmt":"2019-07-23T10:23:49","guid":{"rendered":"http:\/\/www.anmako.eu\/about\/"},"modified":"2024-09-02T12:49:59","modified_gmt":"2024-09-02T10:49:59","slug":"about","status":"publish","type":"page","link":"https:\/\/www.anmako.eu\/?page_id=53","title":{"rendered":"O firmie"},"content":{"rendered":"<h3 data-wow-delay=\"0.4s\"><img loading=\"lazy\" decoding=\"async\" class=\"wp-image-163 size-full alignright\" src=\"https:\/\/www.anmako.eu\/wp-content\/uploads\/2019\/08\/O_Firmie-1.jpg\" alt=\"\" width=\"535\" height=\"389\" srcset=\"https:\/\/www.anmako.eu\/wp-content\/uploads\/2019\/08\/O_Firmie-1.jpg 535w, https:\/\/www.anmako.eu\/wp-content\/uploads\/2019\/08\/O_Firmie-1-300x218.jpg 300w\" sizes=\"auto, (max-width: 535px) 100vw, 535px\" \/><\/h3>\n<h3 data-wow-delay=\"0.4s\"><strong>O firmie<\/strong><\/h3>\n<div style=\"text-align: left;\" data-wow-delay=\"0.4s\"><strong>ANMAKO<\/strong> to firma z ponad 20 letnim do\u015bwiadczeniem na rynku instalatorskim.<\/div>\n<div style=\"text-align: left;\" data-wow-delay=\"0.4s\">Dzia\u0142amy na rynku konsumenckim oraz \u015bwiadczymy us\u0142ugi dla firm i instytucji. Dzi\u0119ki ci\u0105g\u0142emu rozwojowi oraz du\u017cemu do\u015bwiadczeniu ci\u0105gle przybywa nam zadowolonych klient\u00f3w.<\/div>\n<div style=\"text-align: left;\" data-wow-delay=\"0.4s\">Posiadamy d\u0142ugoletnie uprawnienia do wykonywania instalacji, serwisu gwarancyjnego i pogwarancyjnego urz\u0105dze\u0144 gazowych wiod\u0105cych producent\u00f3w.<\/div>\n<div style=\"text-align: left;\" data-wow-delay=\"0.4s\">Dzi\u0119ki naszemu zaanga\u017cowaniu, fachowej wiedzy mo\u017cemy od wielu lat wsp\u00f3\u0142pracowa\u0107 z firmami RETTIG HEATING (PURMO), SAUNIER DUVAL, BROTJE, kt\u00f3re nam zaufa\u0142y.<\/div>\n<h4 data-wow-delay=\"0.4s\"><strong>Teren dzia\u0142ania<\/strong><\/h4>\n<div style=\"text-align: left;\" data-wow-delay=\"0.4s\">Dzia\u0142amy na terenie powiatu piaseczy\u0144skiego, Warszawy oraz cz\u0119\u015bci wojew\u00f3dztwa mazowieckiego.<\/div>\n<div data-wow-delay=\"0.4s\"><\/div>\n<h4 data-wow-delay=\"0.4s\"><strong>Gdzie zmierzamy<\/strong><\/h4>\n<div style=\"text-align: left;\" data-wow-delay=\"0.4s\">W dobie rozwijaj\u0105cej si\u0119 technologii w zakresie Odnawialnych \u0179r\u00f3de\u0142 Energii, rozszerzyli\u015bmy nasz\u0105 ofert\u0119 o serwis pomp ciep\u0142a renomowanych firm Brotje oraz De Dietrich<\/div>\n<div style=\"text-align: left;\" data-wow-delay=\"0.4s\">Polecane urz\u0105dzenia oraz instalacje wyr\u00f3\u017cniaj\u0105 si\u0119 wysok\u0105 jako\u015bci\u0105 co mo\u017cemy potwierdzi\u0107 na podstawie w\u0142asnych obserwacji z bezawaryjnego u\u017cytkowania przez wiele lat.<\/div>\n","protected":false},"excerpt":{"rendered":"<p>O firmie ANMAKO to firma z ponad 20 letnim do\u015bwiadczeniem na rynku instalatorskim. Dzia\u0142amy na rynku konsumenckim oraz \u015bwiadczymy us\u0142ugi dla firm i instytucji. Dzi\u0119ki ci\u0105g\u0142emu rozwojowi oraz du\u017cemu do\u015bwiadczeniu ci\u0105gle przybywa nam zadowolonych klient\u00f3w. Posiadamy d\u0142ugoletnie uprawnienia do wykonywania instalacji, serwisu gwarancyjnego i pogwarancyjnego urz\u0105dze\u0144 gazowych wiod\u0105cych producent\u00f3w. Dzi\u0119ki naszemu zaanga\u017cowaniu, fachowej wiedzy mo\u017cemy<\/p><\/div>\n<div class=\"blog-btn\"><a href=\"https:\/\/www.anmako.eu\/?page_id=53\" class=\"home-blog-btn\">Read More<\/a><\/p>\n","protected":false},"author":1,"featured_media":0,"parent":0,"menu_order":0,"comment_status":"closed","ping_status":"closed","template":"template\/template-about.php","meta":{"footnotes":""},"class_list":["post-53","page","type-page","status-publish","hentry"],"_links":{"self":[{"href":"https:\/\/www.anmako.eu\/index.php?rest_route=\/wp\/v2\/pages\/53","targetHints":{"allow":["GET"]}}],"collection":[{"href":"https:\/\/www.anmako.eu\/index.php?rest_route=\/wp\/v2\/pages"}],"about":[{"href":"https:\/\/www.anmako.eu\/index.php?rest_route=\/wp\/v2\/types\/page"}],"author":[{"embeddable":true,"href":"https:\/\/www.anmako.eu\/index.php?rest_route=\/wp\/v2\/users\/1"}],"replies":[{"embeddable":true,"href":"https:\/\/www.anmako.eu\/index.php?rest_route=%2Fwp%2Fv2%2Fcomments&post=53"}],"version-history":[{"count":18,"href":"https:\/\/www.anmako.eu\/index.php?rest_route=\/wp\/v2\/pages\/53\/revisions"}],"predecessor-version":[{"id":227,"href":"https:\/\/www.anmako.eu\/index.php?rest_route=\/wp\/v2\/pages\/53\/revisions\/227"}],"wp:attachment":[{"href":"https:\/\/www.anmako.eu\/index.php?rest_route=%2Fwp%2Fv2%2Fmedia&parent=53"}],"curies":[{"name":"wp","href":"https:\/\/api.w.org\/{rel}","templated":true}]}}