{"id":200,"date":"2024-09-02T12:11:45","date_gmt":"2024-09-02T10:11:45","guid":{"rendered":"https:\/\/www.anmako.eu\/?page_id=200"},"modified":"2024-09-02T13:19:06","modified_gmt":"2024-09-02T11:19:06","slug":"pompy-ciepla","status":"publish","type":"page","link":"https:\/\/www.anmako.eu\/?page_id=200","title":{"rendered":"Pompy ciep\u0142a"},"content":{"rendered":"<div><a href=\"https:\/\/www.anmako.eu\/wp-content\/uploads\/2024\/09\/anmakko_certyfikat_brotje.jpg\" data-rel=\"lightbox-gallery-VSyWdSxS\" data-rl_title=\"\" data-rl_caption=\"\" title=\"\"><img loading=\"lazy\" decoding=\"async\" class=\"alignright wp-image-203 size-thumbnail\" src=\"https:\/\/www.anmako.eu\/wp-content\/uploads\/2024\/09\/anmakko_certyfikat_brotje-150x150.jpg\" alt=\"Certyfikaty Pompy\" width=\"150\" height=\"150\" \/><\/a><a href=\"https:\/\/www.anmako.eu\/wp-content\/uploads\/2024\/09\/Skan_20240902-2.jpg\" data-rel=\"lightbox-gallery-VSyWdSxS\" data-rl_title=\"\" data-rl_caption=\"\" title=\"\"><img loading=\"lazy\" decoding=\"async\" class=\"alignright wp-image-204 size-thumbnail\" src=\"https:\/\/www.anmako.eu\/wp-content\/uploads\/2024\/09\/Skan_20240902-2-150x150.jpg\" alt=\"\" width=\"150\" height=\"150\" \/><\/a> <a href=\"https:\/\/www.anmako.eu\/wp-content\/uploads\/2024\/09\/Skan_20240902.jpg\" data-rel=\"lightbox-gallery-VSyWdSxS\" data-rl_title=\"\" data-rl_caption=\"\" title=\"\"><img loading=\"lazy\" decoding=\"async\" class=\"alignright wp-image-207 size-thumbnail\" src=\"https:\/\/www.anmako.eu\/wp-content\/uploads\/2024\/09\/Skan_20240902-150x150.jpg\" alt=\"\" width=\"150\" height=\"150\" \/><\/a> <a href=\"https:\/\/www.anmako.eu\/wp-content\/uploads\/2024\/09\/Skan_20240902-3.jpg\" data-rel=\"lightbox-gallery-VSyWdSxS\" data-rl_title=\"\" data-rl_caption=\"\" title=\"\"><img loading=\"lazy\" decoding=\"async\" class=\"alignright wp-image-205 size-thumbnail\" src=\"https:\/\/www.anmako.eu\/wp-content\/uploads\/2024\/09\/Skan_20240902-3-150x150.jpg\" alt=\"\" width=\"150\" height=\"150\" \/><\/a><\/div>\n<div>\n<p style=\"text-align: left;\">W dobie rozwijaj\u0105cej si\u0119 technologii w zakresie Odnawialnych \u0179r\u00f3de\u0142 Energii, rozszerzyli\u015bmy nasz\u0105 ofert\u0119 o <strong>serwis pomp<\/strong> ciep\u0142a renomowanych firm <strong>Brotje<\/strong> oraz <strong>De Dietrich<\/strong>.<\/p>\n<\/div>\n<p>&nbsp;<br \/>\n&nbsp;<br \/>\n&nbsp;<\/p>\n<div style=\"padding: 10px;\">\n\n\t\t<style type=\"text\/css\">\n\t\t\t#gallery-1 {\n\t\t\t\tmargin: auto;\n\t\t\t}\n\t\t\t#gallery-1 .gallery-item {\n\t\t\t\tfloat: left;\n\t\t\t\tmargin-top: 10px;\n\t\t\t\ttext-align: center;\n\t\t\t\twidth: 16%;\n\t\t\t}\n\t\t\t#gallery-1 img {\n\t\t\t\tborder: 2px solid #cfcfcf;\n\t\t\t}\n\t\t\t#gallery-1 .gallery-caption {\n\t\t\t\tmargin-left: 0;\n\t\t\t}\n\t\t\t\/* see gallery_shortcode() in wp-includes\/media.php *\/\n\t\t<\/style>\n\t\t<div id='gallery-1' class='gallery galleryid-200 gallery-columns-6 gallery-size-thumbnail'><dl class='gallery-item'>\n\t\t\t<dt class='gallery-icon landscape'>\n\t\t\t\t<a href='https:\/\/www.anmako.eu\/wp-content\/uploads\/2024\/09\/PompyModena.jpg' title=\"\" data-rl_title=\"\" class=\"rl-gallery-link\" data-rl_caption=\"\" data-rel=\"lightbox-gallery-1\"><img loading=\"lazy\" decoding=\"async\" width=\"150\" height=\"150\" src=\"https:\/\/www.anmako.eu\/wp-content\/uploads\/2024\/09\/PompyModena-150x150.jpg\" class=\"attachment-thumbnail size-thumbnail\" alt=\"\" \/><\/a>\n\t\t\t<\/dt><\/dl><dl class='gallery-item'>\n\t\t\t<dt class='gallery-icon landscape'>\n\t\t\t\t<a href='https:\/\/www.anmako.eu\/wp-content\/uploads\/2024\/09\/BrotjePompyCiepla2.jpg' title=\"\" data-rl_title=\"\" class=\"rl-gallery-link\" data-rl_caption=\"\" data-rel=\"lightbox-gallery-1\"><img loading=\"lazy\" decoding=\"async\" width=\"150\" height=\"150\" src=\"https:\/\/www.anmako.eu\/wp-content\/uploads\/2024\/09\/BrotjePompyCiepla2-150x150.jpg\" class=\"attachment-thumbnail size-thumbnail\" alt=\"\" \/><\/a>\n\t\t\t<\/dt><\/dl><dl class='gallery-item'>\n\t\t\t<dt class='gallery-icon landscape'>\n\t\t\t\t<a href='https:\/\/www.anmako.eu\/wp-content\/uploads\/2024\/09\/BrotjePompyCiepla.jpg' title=\"\" data-rl_title=\"\" class=\"rl-gallery-link\" data-rl_caption=\"\" data-rel=\"lightbox-gallery-1\"><img loading=\"lazy\" decoding=\"async\" width=\"150\" height=\"150\" src=\"https:\/\/www.anmako.eu\/wp-content\/uploads\/2024\/09\/BrotjePompyCiepla-150x150.jpg\" class=\"attachment-thumbnail size-thumbnail\" alt=\"\" \/><\/a>\n\t\t\t<\/dt><\/dl><dl class='gallery-item'>\n\t\t\t<dt class='gallery-icon portrait'>\n\t\t\t\t<a href='https:\/\/www.anmako.eu\/wp-content\/uploads\/2024\/09\/BrotjeHeizung2.jpg' title=\"\" data-rl_title=\"\" class=\"rl-gallery-link\" data-rl_caption=\"\" data-rel=\"lightbox-gallery-1\"><img loading=\"lazy\" decoding=\"async\" width=\"150\" height=\"150\" src=\"https:\/\/www.anmako.eu\/wp-content\/uploads\/2024\/09\/BrotjeHeizung2-150x150.jpg\" class=\"attachment-thumbnail size-thumbnail\" alt=\"\" \/><\/a>\n\t\t\t<\/dt><\/dl><dl class='gallery-item'>\n\t\t\t<dt class='gallery-icon portrait'>\n\t\t\t\t<a href='https:\/\/www.anmako.eu\/wp-content\/uploads\/2024\/09\/BrotjeHeizung.jpg' title=\"\" data-rl_title=\"\" class=\"rl-gallery-link\" data-rl_caption=\"\" data-rel=\"lightbox-gallery-1\"><img loading=\"lazy\" decoding=\"async\" width=\"150\" height=\"150\" src=\"https:\/\/www.anmako.eu\/wp-content\/uploads\/2024\/09\/BrotjeHeizung-150x150.jpg\" class=\"attachment-thumbnail size-thumbnail\" alt=\"\" \/><\/a>\n\t\t\t<\/dt><\/dl><dl class='gallery-item'>\n\t\t\t<dt class='gallery-icon landscape'>\n\t\t\t\t<a href='https:\/\/www.anmako.eu\/wp-content\/uploads\/2024\/09\/PompyAlezio.jpg' title=\"\" data-rl_title=\"\" class=\"rl-gallery-link\" data-rl_caption=\"\" data-rel=\"lightbox-gallery-1\"><img loading=\"lazy\" decoding=\"async\" width=\"150\" height=\"150\" src=\"https:\/\/www.anmako.eu\/wp-content\/uploads\/2024\/09\/PompyAlezio-150x150.jpg\" class=\"attachment-thumbnail size-thumbnail\" alt=\"\" \/><\/a>\n\t\t\t<\/dt><\/dl><br style=\"clear: both\" \/>\n\t\t<\/div>\n\n<\/div>\n","protected":false},"excerpt":{"rendered":"<p>W dobie rozwijaj\u0105cej si\u0119 technologii w zakresie Odnawialnych \u0179r\u00f3de\u0142 Energii, rozszerzyli\u015bmy nasz\u0105 ofert\u0119 o serwis pomp ciep\u0142a renomowanych firm Brotje oraz De Dietrich. &nbsp; &nbsp; &nbsp;<\/p>\n","protected":false},"author":1,"featured_media":0,"parent":0,"menu_order":0,"comment_status":"closed","ping_status":"closed","template":"","meta":{"footnotes":""},"class_list":["post-200","page","type-page","status-publish","hentry"],"_links":{"self":[{"href":"https:\/\/www.anmako.eu\/index.php?rest_route=\/wp\/v2\/pages\/200","targetHints":{"allow":["GET"]}}],"collection":[{"href":"https:\/\/www.anmako.eu\/index.php?rest_route=\/wp\/v2\/pages"}],"about":[{"href":"https:\/\/www.anmako.eu\/index.php?rest_route=\/wp\/v2\/types\/page"}],"author":[{"embeddable":true,"href":"https:\/\/www.anmako.eu\/index.php?rest_route=\/wp\/v2\/users\/1"}],"replies":[{"embeddable":true,"href":"https:\/\/www.anmako.eu\/index.php?rest_route=%2Fwp%2Fv2%2Fcomments&post=200"}],"version-history":[{"count":22,"href":"https:\/\/www.anmako.eu\/index.php?rest_route=\/wp\/v2\/pages\/200\/revisions"}],"predecessor-version":[{"id":237,"href":"https:\/\/www.anmako.eu\/index.php?rest_route=\/wp\/v2\/pages\/200\/revisions\/237"}],"wp:attachment":[{"href":"https:\/\/www.anmako.eu\/index.php?rest_route=%2Fwp%2Fv2%2Fmedia&parent=200"}],"curies":[{"name":"wp","href":"https:\/\/api.w.org\/{rel}","templated":true}]}}