{"id":145,"date":"2019-08-30T12:04:15","date_gmt":"2019-08-30T10:04:15","guid":{"rendered":"http:\/\/www.anmako.eu\/?page_id=145"},"modified":"2019-08-30T16:23:32","modified_gmt":"2019-08-30T14:23:32","slug":"serwis-gwarancyjny-i-pogwarancyjny","status":"publish","type":"page","link":"https:\/\/www.anmako.eu\/?page_id=145","title":{"rendered":"Serwis gwarancyjny i pogwarancyjny"},"content":{"rendered":"<p style=\"text-align: right;\"><a href=\"https:\/\/www.anmako.eu\/wp-content\/uploads\/2019\/08\/CertyfikatSerwisBrotJe.jpg\" data-rel=\"lightbox-gallery-UjLB7YkK\" data-rl_title=\"\" data-rl_caption=\"\" title=\"\"><img loading=\"lazy\" decoding=\"async\" class=\"wp-image-123 size-thumbnail alignright\" src=\"https:\/\/www.anmako.eu\/wp-content\/uploads\/2019\/08\/CertyfikatSerwisBrotJe-150x150.jpg\" alt=\"\" width=\"150\" height=\"150\" \/><\/a> <a href=\"https:\/\/www.anmako.eu\/wp-content\/uploads\/2019\/08\/CertyfikatPurmoSerwis2.jpg\" data-rel=\"lightbox-gallery-UjLB7YkK\" data-rl_title=\"\" data-rl_caption=\"\" title=\"\"><img loading=\"lazy\" decoding=\"async\" class=\"wp-image-122 size-thumbnail alignright\" src=\"https:\/\/www.anmako.eu\/wp-content\/uploads\/2019\/08\/CertyfikatPurmoSerwis2-150x150.jpg\" alt=\"\" width=\"150\" height=\"150\" \/><\/a> <a href=\"https:\/\/www.anmako.eu\/wp-content\/uploads\/2019\/08\/CertyfikatPurmoSerwis.jpg\" data-rel=\"lightbox-gallery-UjLB7YkK\" data-rl_title=\"\" data-rl_caption=\"\" title=\"\"><img loading=\"lazy\" decoding=\"async\" class=\"wp-image-121 size-thumbnail alignright\" src=\"https:\/\/www.anmako.eu\/wp-content\/uploads\/2019\/08\/CertyfikatPurmoSerwis-150x150.jpg\" alt=\"\" width=\"150\" height=\"150\" \/><\/a> <a href=\"https:\/\/www.anmako.eu\/wp-content\/uploads\/2019\/08\/SaunierDuval_CertyfikatAutoryzacji.jpg\" data-rel=\"lightbox-gallery-UjLB7YkK\" data-rl_title=\"\" data-rl_caption=\"\" title=\"\"><img loading=\"lazy\" decoding=\"async\" class=\"wp-image-159 size-thumbnail alignright\" src=\"https:\/\/www.anmako.eu\/wp-content\/uploads\/2019\/08\/SaunierDuval_CertyfikatAutoryzacji-150x150.jpg\" alt=\"\" width=\"150\" height=\"150\" \/><\/a><\/p>\n<p>Podstaw\u0105 sprawnego dzia\u0142ania instalacji i urz\u0105dze\u0144 gazowych aby dzia\u0142a\u0142y bezawaryjnie a przede wszystkim bezpiecznie s\u0105 <strong>przegl\u0105dy okresowe<\/strong>.<\/p>\n<p>Jeste\u015bmy jedn\u0105 z niewielu firm dzia\u0142aj\u0105cych na terenie wojew\u00f3dztwa mazowieckiego, kt\u00f3ra posiada d\u0142ugoletnie uprawnienia do <strong>napraw gwarancyjnych<\/strong> i <strong>pogwarancyjnych<\/strong> oraz odpowiednie <strong>zaplecze techniczne<\/strong>.<\/p>\n<p>Dzi\u0119ki temu lista naszych zadowolonych klient\u00f3w wci\u0105\u017c ro\u015bnie.<\/p>\n<p>Bezpo\u015bredni dost\u0119p do magazyn\u00f3w producenta gwarantuje sprawne sprowadzanie cz\u0119\u015bci zamiennych oraz atrakcyjne ceny.<\/p>\n<p><img loading=\"lazy\" decoding=\"async\" class=\"alignnone size-medium wp-image-182\" src=\"https:\/\/www.anmako.eu\/wp-content\/uploads\/2019\/08\/Purmo-Ventil-Compact-300x300.png\" alt=\"\" width=\"300\" height=\"300\" srcset=\"https:\/\/www.anmako.eu\/wp-content\/uploads\/2019\/08\/Purmo-Ventil-Compact-300x300.png 300w, https:\/\/www.anmako.eu\/wp-content\/uploads\/2019\/08\/Purmo-Ventil-Compact-150x150.png 150w, https:\/\/www.anmako.eu\/wp-content\/uploads\/2019\/08\/Purmo-Ventil-Compact-768x768.png 768w, https:\/\/www.anmako.eu\/wp-content\/uploads\/2019\/08\/Purmo-Ventil-Compact-1024x1024.png 1024w, https:\/\/www.anmako.eu\/wp-content\/uploads\/2019\/08\/Purmo-Ventil-Compact.png 1500w\" sizes=\"auto, (max-width: 300px) 100vw, 300px\" \/><\/p>\n","protected":false},"excerpt":{"rendered":"<p>Podstaw\u0105 sprawnego dzia\u0142ania instalacji i urz\u0105dze\u0144 gazowych aby dzia\u0142a\u0142y bezawaryjnie a przede wszystkim bezpiecznie s\u0105 przegl\u0105dy okresowe. Jeste\u015bmy jedn\u0105 z niewielu firm dzia\u0142aj\u0105cych na terenie wojew\u00f3dztwa mazowieckiego, kt\u00f3ra posiada d\u0142ugoletnie uprawnienia do napraw gwarancyjnych i pogwarancyjnych oraz odpowiednie zaplecze techniczne. Dzi\u0119ki temu lista naszych zadowolonych klient\u00f3w wci\u0105\u017c ro\u015bnie. Bezpo\u015bredni dost\u0119p do magazyn\u00f3w producenta gwarantuje sprawne<\/p><\/div>\n<div class=\"blog-btn\"><a href=\"https:\/\/www.anmako.eu\/?page_id=145\" class=\"home-blog-btn\">Read More<\/a><\/p>\n","protected":false},"author":1,"featured_media":0,"parent":69,"menu_order":0,"comment_status":"closed","ping_status":"closed","template":"","meta":{"footnotes":""},"class_list":["post-145","page","type-page","status-publish","hentry"],"_links":{"self":[{"href":"https:\/\/www.anmako.eu\/index.php?rest_route=\/wp\/v2\/pages\/145","targetHints":{"allow":["GET"]}}],"collection":[{"href":"https:\/\/www.anmako.eu\/index.php?rest_route=\/wp\/v2\/pages"}],"about":[{"href":"https:\/\/www.anmako.eu\/index.php?rest_route=\/wp\/v2\/types\/page"}],"author":[{"embeddable":true,"href":"https:\/\/www.anmako.eu\/index.php?rest_route=\/wp\/v2\/users\/1"}],"replies":[{"embeddable":true,"href":"https:\/\/www.anmako.eu\/index.php?rest_route=%2Fwp%2Fv2%2Fcomments&post=145"}],"version-history":[{"count":6,"href":"https:\/\/www.anmako.eu\/index.php?rest_route=\/wp\/v2\/pages\/145\/revisions"}],"predecessor-version":[{"id":183,"href":"https:\/\/www.anmako.eu\/index.php?rest_route=\/wp\/v2\/pages\/145\/revisions\/183"}],"up":[{"embeddable":true,"href":"https:\/\/www.anmako.eu\/index.php?rest_route=\/wp\/v2\/pages\/69"}],"wp:attachment":[{"href":"https:\/\/www.anmako.eu\/index.php?rest_route=%2Fwp%2Fv2%2Fmedia&parent=145"}],"curies":[{"name":"wp","href":"https:\/\/api.w.org\/{rel}","templated":true}]}}