{"id":143,"date":"2019-08-30T11:59:11","date_gmt":"2019-08-30T09:59:11","guid":{"rendered":"http:\/\/www.anmako.eu\/?page_id=143"},"modified":"2019-08-30T16:27:37","modified_gmt":"2019-08-30T14:27:37","slug":"instalacje-systemow-ogrzewania","status":"publish","type":"page","link":"https:\/\/www.anmako.eu\/?page_id=143","title":{"rendered":"Instalacje system\u00f3w ogrzewania"},"content":{"rendered":"<p><a href=\"https:\/\/www.anmako.eu\/wp-content\/uploads\/2019\/08\/CertyfikatPolecanyInstalatorPurmo.jpg\" data-rel=\"lightbox-gallery-zJNwXF18\" data-rl_title=\"\" data-rl_caption=\"\" title=\"\"><img loading=\"lazy\" decoding=\"async\" class=\"alignright wp-image-120 size-thumbnail\" src=\"https:\/\/www.anmako.eu\/wp-content\/uploads\/2019\/08\/CertyfikatPolecanyInstalatorPurmo-150x150.jpg\" alt=\"\" width=\"150\" height=\"150\" \/><\/a>Jeste\u015bmy jedn\u0105 z kilkunastu firm na terenie wojew\u00f3dztwa mazowieckiego zajmuj\u0105cych si\u0119 <strong>monta\u017cem instalacji grzewczych grzejnikowych i ogrzewania pod\u0142ogowego<\/strong> firmy <strong>Rettig Heating (PURMO)<\/strong> posiadaj\u0105cych <strong>certyfikat polecanego instalatora<\/strong>.<\/p>\n<p>Dzi\u0119ki naszej wiedzy, do\u015bwiadczeniu i solidno\u015bci, od wielu lat mamy przyjemno\u015b\u0107 wykonywania us\u0142ug serwisowych dla Rettig Heating (PURMO).<\/p>\n<p>Poniewa\u017c mamy bezpo\u015bredni dost\u0119p do magazyn\u00f3w producenta, mo\u017cemy zaoferowa\u0107 urz\u0105dzenia w korzystnych cenach i szybkim czasie realizacji zam\u00f3wienia.<\/p>\n<p>&nbsp;<\/p>\n<div class=\"rl-gallery-container rl-loading\" id=\"rl-gallery-container-1\" data-gallery_id=\"167\"> <div class=\"rl-gallery rl-basicgrid-gallery rl-hover-effect-2 rl-hover-icon-2\" id=\"rl-gallery-1\" data-gallery_no=\"1\"> <div class=\"rl-gallery-item\"><a href=\"https:\/\/www.anmako.eu\/wp-content\/uploads\/2019\/08\/13-DSC01151.jpg\" title=\"\" data-rl_title=\"\" class=\"rl-gallery-link\" data-rl_caption=\"\" data-rel=\"lightbox-gallery-1\"><img loading=\"lazy\" decoding=\"async\" src=\"https:\/\/www.anmako.eu\/wp-content\/uploads\/2019\/08\/13-DSC01151-300x225.jpg\" width=\"300\" height=\"225\" alt=\"\" \/><span class=\"rl-gallery-caption\"><span class=\"rl-gallery-item-title\">13-DSC01151<\/span><\/span><\/a><\/div><div class=\"rl-gallery-item\"><a href=\"https:\/\/www.anmako.eu\/wp-content\/uploads\/2019\/08\/12-DSC_0524.jpg\" title=\"\" data-rl_title=\"\" class=\"rl-gallery-link\" data-rl_caption=\"\" data-rel=\"lightbox-gallery-1\"><img loading=\"lazy\" decoding=\"async\" src=\"https:\/\/www.anmako.eu\/wp-content\/uploads\/2019\/08\/12-DSC_0524-300x199.jpg\" width=\"300\" height=\"199\" alt=\"\" \/><span class=\"rl-gallery-caption\"><span class=\"rl-gallery-item-title\">12-DSC_0524<\/span><\/span><\/a><\/div><div class=\"rl-gallery-item\"><a href=\"https:\/\/www.anmako.eu\/wp-content\/uploads\/2019\/08\/01-DSC01077.jpg\" title=\"\" data-rl_title=\"\" class=\"rl-gallery-link\" data-rl_caption=\"\" data-rel=\"lightbox-gallery-1\"><img loading=\"lazy\" decoding=\"async\" src=\"https:\/\/www.anmako.eu\/wp-content\/uploads\/2019\/08\/01-DSC01077-300x225.jpg\" width=\"300\" height=\"225\" alt=\"\" \/><span class=\"rl-gallery-caption\"><span class=\"rl-gallery-item-title\">01-DSC01077<\/span><\/span><\/a><\/div><div class=\"rl-gallery-item\"><a href=\"https:\/\/www.anmako.eu\/wp-content\/uploads\/2019\/08\/11-DSC_0520.jpg\" title=\"\" data-rl_title=\"\" class=\"rl-gallery-link\" data-rl_caption=\"\" data-rel=\"lightbox-gallery-1\"><img loading=\"lazy\" decoding=\"async\" src=\"https:\/\/www.anmako.eu\/wp-content\/uploads\/2019\/08\/11-DSC_0520-300x199.jpg\" width=\"300\" height=\"199\" alt=\"\" \/><span class=\"rl-gallery-caption\"><span class=\"rl-gallery-item-title\">11-DSC_0520<\/span><\/span><\/a><\/div><div class=\"rl-gallery-item\"><a href=\"https:\/\/www.anmako.eu\/wp-content\/uploads\/2019\/08\/10-DSC_0517.jpg\" title=\"\" data-rl_title=\"\" class=\"rl-gallery-link\" data-rl_caption=\"\" data-rel=\"lightbox-gallery-1\"><img loading=\"lazy\" decoding=\"async\" src=\"https:\/\/www.anmako.eu\/wp-content\/uploads\/2019\/08\/10-DSC_0517-300x199.jpg\" width=\"300\" height=\"199\" alt=\"\" \/><span class=\"rl-gallery-caption\"><span class=\"rl-gallery-item-title\">10-DSC_0517<\/span><\/span><\/a><\/div><div class=\"rl-gallery-item\"><a href=\"https:\/\/www.anmako.eu\/wp-content\/uploads\/2019\/08\/Delta-Bench.png\" title=\"\" data-rl_title=\"\" class=\"rl-gallery-link\" data-rl_caption=\"\" data-rel=\"lightbox-gallery-1\"><img loading=\"lazy\" decoding=\"async\" src=\"https:\/\/www.anmako.eu\/wp-content\/uploads\/2019\/08\/Delta-Bench-300x300.png\" width=\"300\" height=\"300\" alt=\"\" \/><span class=\"rl-gallery-caption\"><span class=\"rl-gallery-item-title\">Delta Bench<\/span><\/span><\/a><\/div> <\/div> <\/div>\n<div class=\"lyte-wrapper\" style=\"width:560px;max-width:100%;margin:5px auto;\"><div class=\"lyMe\" id=\"WYL_9cMbIAU3PHk\"><div id=\"lyte_9cMbIAU3PHk\" data-src=\"\/\/i.ytimg.com\/vi\/9cMbIAU3PHk\/hqdefault.jpg\" class=\"pL\"><div class=\"tC\"><div class=\"tT\"><\/div><\/div><div class=\"play\"><\/div><div class=\"ctrl\"><div class=\"Lctrl\"><\/div><div class=\"Rctrl\"><\/div><\/div><\/div><noscript><a href=\"https:\/\/youtu.be\/9cMbIAU3PHk\" rel=\"nofollow\"><img loading=\"lazy\" decoding=\"async\" src=\"https:\/\/i.ytimg.com\/vi\/9cMbIAU3PHk\/0.jpg\" alt=\"YouTube video thumbnail\" width=\"560\" height=\"295\" \/><br \/>Watch this video on YouTube<\/a><\/noscript><\/div><\/div><div class=\"lL\" style=\"max-width:100%;width:560px;margin:5px auto;\"><\/div><\/p>\n","protected":false},"excerpt":{"rendered":"<p>Jeste\u015bmy jedn\u0105 z kilkunastu firm na terenie wojew\u00f3dztwa mazowieckiego zajmuj\u0105cych si\u0119 monta\u017cem instalacji grzewczych grzejnikowych i ogrzewania pod\u0142ogowego firmy Rettig Heating (PURMO) posiadaj\u0105cych certyfikat polecanego instalatora. Dzi\u0119ki naszej wiedzy, do\u015bwiadczeniu i solidno\u015bci, od wielu lat mamy przyjemno\u015b\u0107 wykonywania us\u0142ug serwisowych dla Rettig Heating (PURMO). Poniewa\u017c mamy bezpo\u015bredni dost\u0119p do magazyn\u00f3w producenta, mo\u017cemy zaoferowa\u0107 urz\u0105dzenia w<\/p><\/div>\n<div class=\"blog-btn\"><a href=\"https:\/\/www.anmako.eu\/?page_id=143\" class=\"home-blog-btn\">Read More<\/a><\/p>\n","protected":false},"author":1,"featured_media":0,"parent":69,"menu_order":0,"comment_status":"closed","ping_status":"closed","template":"","meta":{"footnotes":""},"class_list":["post-143","page","type-page","status-publish","hentry"],"_links":{"self":[{"href":"https:\/\/www.anmako.eu\/index.php?rest_route=\/wp\/v2\/pages\/143","targetHints":{"allow":["GET"]}}],"collection":[{"href":"https:\/\/www.anmako.eu\/index.php?rest_route=\/wp\/v2\/pages"}],"about":[{"href":"https:\/\/www.anmako.eu\/index.php?rest_route=\/wp\/v2\/types\/page"}],"author":[{"embeddable":true,"href":"https:\/\/www.anmako.eu\/index.php?rest_route=\/wp\/v2\/users\/1"}],"replies":[{"embeddable":true,"href":"https:\/\/www.anmako.eu\/index.php?rest_route=%2Fwp%2Fv2%2Fcomments&post=143"}],"version-history":[{"count":6,"href":"https:\/\/www.anmako.eu\/index.php?rest_route=\/wp\/v2\/pages\/143\/revisions"}],"predecessor-version":[{"id":189,"href":"https:\/\/www.anmako.eu\/index.php?rest_route=\/wp\/v2\/pages\/143\/revisions\/189"}],"up":[{"embeddable":true,"href":"https:\/\/www.anmako.eu\/index.php?rest_route=\/wp\/v2\/pages\/69"}],"wp:attachment":[{"href":"https:\/\/www.anmako.eu\/index.php?rest_route=%2Fwp%2Fv2%2Fmedia&parent=143"}],"curies":[{"name":"wp","href":"https:\/\/api.w.org\/{rel}","templated":true}]}}