{"id":138,"date":"2019-08-30T09:43:01","date_gmt":"2019-08-30T07:43:01","guid":{"rendered":"http:\/\/www.anmako.eu\/?page_id=138"},"modified":"2019-08-30T09:43:01","modified_gmt":"2019-08-30T07:43:01","slug":"instalacje-kotlow-gazowych","status":"publish","type":"page","link":"https:\/\/www.anmako.eu\/?page_id=138","title":{"rendered":"Instalacje kot\u0142\u00f3w gazowych"},"content":{"rendered":"<p><strong>Urz\u0105dzenia gazowe<\/strong> s\u0105 bardzo popularne. Konkurencja na rynku producent\u00f3w sprawia, \u017ce urz\u0105dzenia s\u0105 coraz bardziej nowoczesne a modele <strong>kot\u0142\u00f3w gazowych<\/strong> cz\u0119sto si\u0119 zmieniaj\u0105.<\/p>\n<p>Odpowiedni dob\u00f3r urz\u0105dzenia pozwoli Pa\u0144stwu na bezawaryjne u\u017cytkowanie kot\u0142a i instalacji przez wiele lat.<br \/>\nPosiadamy niezb\u0119dn\u0105 wiedz\u0119 oraz wieloletnie do\u015bwiadczenie do optymalnego doboru urz\u0105dzenia do Pa\u0144stwa potrzeb i ch\u0119tnie tym do\u015bwiadczeniem si\u0119 z Pa\u0144stwem podzielimy.<\/p>\n<p>Dysponujemy bezpo\u015brednim dost\u0119pem do magazyn\u00f3w producent\u00f3w dzi\u0119ki czemu mo\u017cemy zaoferowa\u0107 atrakcyjn\u0105 cen\u0119 oraz rozs\u0105dny czas realizacji zam\u00f3wienia.<br \/>\nNie korzystamy z magazyn\u00f3w firm po\u015brednicz\u0105cych (internetowych).<\/p>\n","protected":false},"excerpt":{"rendered":"<p>Urz\u0105dzenia gazowe s\u0105 bardzo popularne. Konkurencja na rynku producent\u00f3w sprawia, \u017ce urz\u0105dzenia s\u0105 coraz bardziej nowoczesne a modele kot\u0142\u00f3w gazowych cz\u0119sto si\u0119 zmieniaj\u0105. Odpowiedni dob\u00f3r urz\u0105dzenia pozwoli Pa\u0144stwu na bezawaryjne u\u017cytkowanie kot\u0142a i instalacji przez wiele lat. Posiadamy niezb\u0119dn\u0105 wiedz\u0119 oraz wieloletnie do\u015bwiadczenie do optymalnego doboru urz\u0105dzenia do Pa\u0144stwa potrzeb i ch\u0119tnie tym do\u015bwiadczeniem si\u0119<\/p><\/div>\n<div class=\"blog-btn\"><a href=\"https:\/\/www.anmako.eu\/?page_id=138\" class=\"home-blog-btn\">Read More<\/a><\/p>\n","protected":false},"author":1,"featured_media":0,"parent":69,"menu_order":0,"comment_status":"closed","ping_status":"closed","template":"","meta":{"footnotes":""},"class_list":["post-138","page","type-page","status-publish","hentry"],"_links":{"self":[{"href":"https:\/\/www.anmako.eu\/index.php?rest_route=\/wp\/v2\/pages\/138","targetHints":{"allow":["GET"]}}],"collection":[{"href":"https:\/\/www.anmako.eu\/index.php?rest_route=\/wp\/v2\/pages"}],"about":[{"href":"https:\/\/www.anmako.eu\/index.php?rest_route=\/wp\/v2\/types\/page"}],"author":[{"embeddable":true,"href":"https:\/\/www.anmako.eu\/index.php?rest_route=\/wp\/v2\/users\/1"}],"replies":[{"embeddable":true,"href":"https:\/\/www.anmako.eu\/index.php?rest_route=%2Fwp%2Fv2%2Fcomments&post=138"}],"version-history":[{"count":1,"href":"https:\/\/www.anmako.eu\/index.php?rest_route=\/wp\/v2\/pages\/138\/revisions"}],"predecessor-version":[{"id":139,"href":"https:\/\/www.anmako.eu\/index.php?rest_route=\/wp\/v2\/pages\/138\/revisions\/139"}],"up":[{"embeddable":true,"href":"https:\/\/www.anmako.eu\/index.php?rest_route=\/wp\/v2\/pages\/69"}],"wp:attachment":[{"href":"https:\/\/www.anmako.eu\/index.php?rest_route=%2Fwp%2Fv2%2Fmedia&parent=138"}],"curies":[{"name":"wp","href":"https:\/\/api.w.org\/{rel}","templated":true}]}}